{"id":4558,"date":"2026-05-06T10:21:10","date_gmt":"2026-05-06T10:21:10","guid":{"rendered":"https:\/\/partnerzyubezpieczenia.pl\/?page_id=4558"},"modified":"2026-05-08T07:41:08","modified_gmt":"2026-05-08T07:41:08","slug":"nasze-placowki","status":"publish","type":"page","link":"https:\/\/partnerzyubezpieczenia.pl\/?page_id=4558","title":{"rendered":"Nasze plac\u00f3wki"},"content":{"rendered":"<div data-colibri-id=\"4558-c1\" class=\"style-1357 style-local-4558-c1 position-relative\">\n  <!---->\n  <div data-colibri-component=\"section\" data-colibri-id=\"4558-c2\" id=\"about\" class=\"h-section h-section-global-spacing d-flex align-items-lg-center align-items-md-center align-items-center style-1358 style-local-4558-c2 position-relative\">\n    <div class=\"background-wrapper\">\n      <div class=\"background-layer background-layer-media-container-lg\">\n        <!---->\n        <div class=\"overlay-layer\">\n          <div class=\"overlay-image-layer\" style=\"background-color: rgb(255, 255, 255); opacity: 0.9;\"><\/div>\n        <\/div>\n      <\/div>\n      <div class=\"background-layer background-layer-media-container-md\">\n        <!---->\n        <div class=\"overlay-layer\">\n          <div class=\"overlay-image-layer\" style=\"background-color: rgb(255, 255, 255); opacity: 0.9;\"><\/div>\n        <\/div>\n      <\/div>\n      <div class=\"background-layer background-layer-media-container\">\n        <!---->\n        <div class=\"overlay-layer\">\n          <div class=\"overlay-image-layer\" style=\"background-color: rgb(255, 255, 255); opacity: 0.9;\"><\/div>\n        <\/div>\n      <\/div>\n    <\/div>\n    <!---->\n    <div class=\"h-section-grid-container h-section-boxed-container\">\n      <!---->\n      <div data-colibri-id=\"4558-c3\" class=\"h-row-container gutters-row-lg-0 gutters-row-md-0 gutters-row-0 gutters-row-v-lg-0 gutters-row-v-md-0 gutters-row-v-0 style-1359 style-local-4558-c3 position-relative\">\n        <!---->\n        <div class=\"h-row justify-content-lg-center justify-content-md-center justify-content-center align-items-lg-stretch align-items-md-stretch align-items-stretch gutters-col-lg-0 gutters-col-md-0 gutters-col-0 gutters-col-v-lg-0 gutters-col-v-md-0 gutters-col-v-0\">\n          <!---->\n          <div class=\"h-column h-column-container d-flex h-col-lg-auto h-col-md-auto h-col-auto style-1360-outer style-local-4558-c4-outer\">\n            <div data-colibri-id=\"4558-c4\" class=\"d-flex h-flex-basis h-column__inner h-px-lg-3 h-px-md-3 h-px-3 v-inner-lg-3 v-inner-md-3 v-inner-3 style-1360 style-local-4558-c4 position-relative\">\n              <!---->\n              <!---->\n              <div class=\"w-100 h-y-container h-column__content h-column__v-align flex-basis-100 align-self-lg-center align-self-md-center align-self-center\">\n                <!---->\n                <div data-colibri-id=\"4558-c5\" class=\"h-global-transition-all h-heading style-1361 style-local-4558-c5 position-relative h-element\">\n                  <!---->\n                  <div class=\"h-heading__outer style-1361 style-local-4558-c5\">\n                    <!---->\n                    <!---->\n                    <h2 class=\"\">Oddzia\u0142 Leszno<\/h2>\n                  <\/div>\n                <\/div>\n                <div data-colibri-id=\"4558-c6\" class=\"h-text h-text-component style-1362 style-local-4558-c6 position-relative h-element\">\n                  <!---->\n                  <!---->\n                  <div class=\"\">\n                    <p>Plac Metziga 26\/3\n                      <br>64-100 Leszno<\/p>\n                  <\/div>\n                <\/div>\n                <div data-colibri-id=\"4558-c7\" class=\"h-text h-text-component style-1371 style-local-4558-c7 position-relative h-element\">\n                  <!---->\n                  <!---->\n                  <div class=\"\">\n                    <p>601 581 019<\/p>\n                  <\/div>\n                <\/div>\n              <\/div>\n            <\/div>\n          <\/div>\n          <div class=\"h-column h-column-container d-flex h-col-lg-auto h-col-md-auto h-col-auto style-1365-outer style-local-4558-c8-outer\">\n            <div data-colibri-id=\"4558-c8\" class=\"d-flex h-flex-basis h-column__inner h-px-lg-2 h-px-md-2 h-px-0 v-inner-lg-2 v-inner-md-2 v-inner-0 style-1365 style-local-4558-c8 position-relative\">\n              <!---->\n              <!---->\n              <div class=\"w-100 h-y-container h-column__content h-column__v-align flex-basis-100 align-self-lg-center align-self-md-center align-self-center\">\n                <!---->\n                <div data-colibri-id=\"4558-c9\" class=\"h-map style-1367 style-local-4558-c9 position-relative h-element\" style=\"overflow: hidden;\">\n                  <!---->\n                  <iframe src=\"https:\/\/www.google.com\/maps\/embed\/v1\/place?q=Leszno,%20Plac%20metziga%2026\/3&amp;zoom=15&amp;key=AIzaSyA-dvqTZscsXkl1_BBGKvgfRqxAa2QzY0Q\" class=\"map-iframe\"><\/iframe>\n                <\/div>\n              <\/div>\n            <\/div>\n          <\/div>\n          <div class=\"h-column h-column-container d-flex h-col-lg-auto h-col-md-auto h-col-auto style-1366-outer style-local-4558-c10-outer\">\n            <div data-colibri-id=\"4558-c10\" class=\"d-flex h-flex-basis h-column__inner h-ui-empty-state-container h-px-lg-0 h-px-md-0 h-px-0 v-inner-lg-0 v-inner-md-0 v-inner-0 style-1366 style-local-4558-c10 position-relative\">\n              <!---->\n              <!---->\n              <div class=\"w-100 h-y-container h-column__content h-column__v-align flex-basis-100\">\n                <!---->\n              <\/div>\n            <\/div>\n          <\/div>\n        <\/div>\n      <\/div>\n    <\/div>\n  <\/div>\n  <div data-colibri-component=\"section\" data-colibri-id=\"4558-c29\" id=\"about-2\" class=\"h-section h-section-global-spacing d-flex align-items-lg-center align-items-md-center align-items-center style-1372 style-local-4558-c29 position-relative\">\n    <div class=\"background-wrapper\">\n      <div class=\"background-layer background-layer-media-container-lg\">\n        <!---->\n        <div class=\"overlay-layer\">\n          <div class=\"overlay-image-layer\" style=\"background-color: rgb(255, 255, 255); opacity: 0.9;\"><\/div>\n        <\/div>\n      <\/div>\n      <div class=\"background-layer background-layer-media-container-md\">\n        <!---->\n        <div class=\"overlay-layer\">\n          <div class=\"overlay-image-layer\" style=\"background-color: rgb(255, 255, 255); opacity: 0.9;\"><\/div>\n        <\/div>\n      <\/div>\n      <div class=\"background-layer background-layer-media-container\">\n        <!---->\n        <div class=\"overlay-layer\">\n          <div class=\"overlay-image-layer\" style=\"background-color: rgb(255, 255, 255); opacity: 0.9;\"><\/div>\n        <\/div>\n      <\/div>\n    <\/div>\n    <!---->\n    <div class=\"h-section-grid-container h-section-boxed-container\">\n      <!---->\n      <div data-colibri-id=\"4558-c30\" class=\"h-row-container gutters-row-lg-0 gutters-row-md-0 gutters-row-0 gutters-row-v-lg-0 gutters-row-v-md-0 gutters-row-v-0 style-1373 style-local-4558-c30 position-relative\">\n        <!---->\n        <div class=\"h-row justify-content-lg-center justify-content-md-center justify-content-center align-items-lg-stretch align-items-md-stretch align-items-stretch gutters-col-lg-0 gutters-col-md-0 gutters-col-0 gutters-col-v-lg-0 gutters-col-v-md-0 gutters-col-v-0\">\n          <!---->\n          <div class=\"h-column h-column-container d-flex h-col-lg-auto h-col-md-auto h-col-auto style-1374-outer style-local-4558-c31-outer\">\n            <div data-colibri-id=\"4558-c31\" class=\"d-flex h-flex-basis h-column__inner h-px-lg-3 h-px-md-3 h-px-3 v-inner-lg-3 v-inner-md-3 v-inner-3 style-1374 style-local-4558-c31 position-relative\">\n              <!---->\n              <!---->\n              <div class=\"w-100 h-y-container h-column__content h-column__v-align flex-basis-100 align-self-lg-center align-self-md-center align-self-center\">\n                <!---->\n                <div data-colibri-id=\"4558-c32\" class=\"h-global-transition-all h-heading style-1375 style-local-4558-c32 position-relative h-element\">\n                  <!---->\n                  <div class=\"h-heading__outer style-1375 style-local-4558-c32\">\n                    <!---->\n                    <!---->\n                    <h2 class=\"\">Oddzia\u0142 \u015amigiel<\/h2>\n                  <\/div>\n                <\/div>\n                <div data-colibri-id=\"4558-c33\" class=\"h-text h-text-component style-1376 style-local-4558-c33 position-relative h-element\">\n                  <!---->\n                  <!---->\n                  <div class=\"\">\n                    <p>ul. Orzeszkowej 23\n                      <br>64-030 \u015amigiel<\/p>\n                  <\/div>\n                <\/div>\n                <div data-colibri-id=\"4558-c39\" class=\"h-text h-text-component style-1382 style-local-4558-c39 position-relative h-element\">\n                  <!---->\n                  <!---->\n                  <div class=\"\">\n                    <p>603 221 148<\/p>\n                  <\/div>\n                <\/div>\n              <\/div>\n            <\/div>\n          <\/div>\n          <div class=\"h-column h-column-container d-flex h-col-lg-auto h-col-md-auto h-col-auto style-1379-outer style-local-4558-c36-outer\">\n            <div data-colibri-id=\"4558-c36\" class=\"d-flex h-flex-basis h-column__inner h-px-lg-2 h-px-md-2 h-px-0 v-inner-lg-2 v-inner-md-2 v-inner-0 style-1379 style-local-4558-c36 position-relative\">\n              <!---->\n              <!---->\n              <div class=\"w-100 h-y-container h-column__content h-column__v-align flex-basis-100 align-self-lg-center align-self-md-center align-self-center\">\n                <!---->\n                <div data-colibri-id=\"4558-c38\" class=\"h-map style-1381 style-local-4558-c38 position-relative h-element\" style=\"overflow: hidden;\">\n                  <!---->\n                  <iframe src=\"https:\/\/www.google.com\/maps\/embed\/v1\/place?q=%C5%9Amigiel,%20orzeszkowej%2023&amp;zoom=15&amp;key=AIzaSyA-dvqTZscsXkl1_BBGKvgfRqxAa2QzY0Q\" class=\"map-iframe\"><\/iframe>\n                <\/div>\n              <\/div>\n            <\/div>\n          <\/div>\n          <div class=\"h-column h-column-container d-flex h-col-lg-auto h-col-md-auto h-col-auto style-1380-outer style-local-4558-c37-outer\">\n            <div data-colibri-id=\"4558-c37\" class=\"d-flex h-flex-basis h-column__inner h-ui-empty-state-container h-px-lg-0 h-px-md-0 h-px-0 v-inner-lg-0 v-inner-md-0 v-inner-0 style-1380 style-local-4558-c37 position-relative\">\n              <!---->\n              <!---->\n              <div class=\"w-100 h-y-container h-column__content h-column__v-align flex-basis-100\">\n                <!---->\n              <\/div>\n            <\/div>\n          <\/div>\n        <\/div>\n      <\/div>\n    <\/div>\n  <\/div>\n  <div data-colibri-component=\"section\" data-colibri-id=\"4558-c40\" id=\"about-3\" class=\"h-section h-section-global-spacing d-flex align-items-lg-center align-items-md-center align-items-center style-1383 style-local-4558-c40 position-relative\">\n    <div class=\"background-wrapper\">\n      <div class=\"background-layer background-layer-media-container-lg\">\n        <!---->\n        <div class=\"overlay-layer\">\n          <div class=\"overlay-image-layer\" style=\"background-color: rgb(255, 255, 255); opacity: 0.9;\"><\/div>\n        <\/div>\n      <\/div>\n      <div class=\"background-layer background-layer-media-container-md\">\n        <!---->\n        <div class=\"overlay-layer\">\n          <div class=\"overlay-image-layer\" style=\"background-color: rgb(255, 255, 255); opacity: 0.9;\"><\/div>\n        <\/div>\n      <\/div>\n      <div class=\"background-layer background-layer-media-container\">\n        <!---->\n        <div class=\"overlay-layer\">\n          <div class=\"overlay-image-layer\" style=\"background-color: rgb(255, 255, 255); opacity: 0.9;\"><\/div>\n        <\/div>\n      <\/div>\n    <\/div>\n    <!---->\n    <div class=\"h-section-grid-container h-section-boxed-container\">\n      <!---->\n      <div data-colibri-id=\"4558-c41\" class=\"h-row-container gutters-row-lg-0 gutters-row-md-0 gutters-row-0 gutters-row-v-lg-0 gutters-row-v-md-0 gutters-row-v-0 style-1384 style-local-4558-c41 position-relative\">\n        <!---->\n        <div class=\"h-row justify-content-lg-center justify-content-md-center justify-content-center align-items-lg-stretch align-items-md-stretch align-items-stretch gutters-col-lg-0 gutters-col-md-0 gutters-col-0 gutters-col-v-lg-0 gutters-col-v-md-0 gutters-col-v-0\">\n          <!---->\n          <div class=\"h-column h-column-container d-flex h-col-lg-auto h-col-md-auto h-col-auto style-1385-outer style-local-4558-c42-outer\">\n            <div data-colibri-id=\"4558-c42\" class=\"d-flex h-flex-basis h-column__inner h-px-lg-3 h-px-md-3 h-px-3 v-inner-lg-3 v-inner-md-3 v-inner-3 style-1385 style-local-4558-c42 position-relative\">\n              <!---->\n              <!---->\n              <div class=\"w-100 h-y-container h-column__content h-column__v-align flex-basis-100 align-self-lg-center align-self-md-center align-self-center\">\n                <!---->\n                <div data-colibri-id=\"4558-c43\" class=\"h-global-transition-all h-heading style-1386 style-local-4558-c43 position-relative h-element\">\n                  <!---->\n                  <div class=\"h-heading__outer style-1386 style-local-4558-c43\">\n                    <!---->\n                    <!---->\n                    <h2 class=\"\">Oddzia\u0142 Rawicz<\/h2>\n                  <\/div>\n                <\/div>\n                <div data-colibri-id=\"4558-c44\" class=\"h-text h-text-component style-1387 style-local-4558-c44 position-relative h-element\">\n                  <!---->\n                  <!---->\n                  <div class=\"\">\n                    <p>ul. Marsza\u0142ka J\u00f3zefa Pi\u0142sudskiego 5\n                      <br>63-900 Rawicz<\/p>\n                  <\/div>\n                <\/div>\n                <div data-colibri-id=\"4558-c59\" class=\"h-text h-text-component style-1402 style-local-4558-c59 position-relative h-element\">\n                  <!---->\n                  <!---->\n                  <div class=\"\">\n                    <p>604 808 049<\/p>\n                  <\/div>\n                <\/div>\n              <\/div>\n            <\/div>\n          <\/div>\n          <div class=\"h-column h-column-container d-flex h-col-lg-auto h-col-md-auto h-col-auto style-1390-outer style-local-4558-c47-outer\">\n            <div data-colibri-id=\"4558-c47\" class=\"d-flex h-flex-basis h-column__inner h-px-lg-2 h-px-md-2 h-px-0 v-inner-lg-2 v-inner-md-2 v-inner-0 style-1390 style-local-4558-c47 position-relative\">\n              <!---->\n              <!---->\n              <div class=\"w-100 h-y-container h-column__content h-column__v-align flex-basis-100 align-self-lg-center align-self-md-center align-self-center\">\n                <!---->\n                <div data-colibri-id=\"4558-c58\" class=\"h-map style-1401 style-local-4558-c58 position-relative h-element\" style=\"overflow: hidden;\">\n                  <!---->\n                  <iframe src=\"https:\/\/www.google.com\/maps\/embed\/v1\/place?q=Rawicz,%20pi%C5%82sudskiego%205&amp;zoom=15&amp;key=AIzaSyA-dvqTZscsXkl1_BBGKvgfRqxAa2QzY0Q\" class=\"map-iframe\"><\/iframe>\n                <\/div>\n              <\/div>\n            <\/div>\n          <\/div>\n          <div class=\"h-column h-column-container d-flex h-col-lg-auto h-col-md-auto h-col-auto style-1391-outer style-local-4558-c48-outer\">\n            <div data-colibri-id=\"4558-c48\" class=\"d-flex h-flex-basis h-column__inner h-ui-empty-state-container h-px-lg-0 h-px-md-0 h-px-0 v-inner-lg-0 v-inner-md-0 v-inner-0 style-1391 style-local-4558-c48 position-relative\">\n              <!---->\n              <!---->\n              <div class=\"w-100 h-y-container h-column__content h-column__v-align flex-basis-100\">\n                <!---->\n              <\/div>\n            <\/div>\n          <\/div>\n        <\/div>\n      <\/div>\n    <\/div>\n  <\/div>\n  <div data-colibri-component=\"section\" data-colibri-id=\"4558-c49\" id=\"about-4\" class=\"h-section h-section-global-spacing d-flex align-items-lg-center align-items-md-center align-items-center style-1392 style-local-4558-c49 position-relative\">\n    <div class=\"background-wrapper\">\n      <div class=\"background-layer background-layer-media-container-lg\">\n        <!---->\n        <div class=\"overlay-layer\">\n          <div class=\"overlay-image-layer\" style=\"background-color: rgb(255, 255, 255); opacity: 0.9;\"><\/div>\n        <\/div>\n      <\/div>\n      <div class=\"background-layer background-layer-media-container-md\">\n        <!---->\n        <div class=\"overlay-layer\">\n          <div class=\"overlay-image-layer\" style=\"background-color: rgb(255, 255, 255); opacity: 0.9;\"><\/div>\n        <\/div>\n      <\/div>\n      <div class=\"background-layer background-layer-media-container\">\n        <!---->\n        <div class=\"overlay-layer\">\n          <div class=\"overlay-image-layer\" style=\"background-color: rgb(255, 255, 255); opacity: 0.9;\"><\/div>\n        <\/div>\n      <\/div>\n    <\/div>\n    <!---->\n    <div class=\"h-section-grid-container h-section-boxed-container\">\n      <!---->\n      <div data-colibri-id=\"4558-c50\" class=\"h-row-container gutters-row-lg-0 gutters-row-md-0 gutters-row-0 gutters-row-v-lg-0 gutters-row-v-md-0 gutters-row-v-0 style-1393 style-local-4558-c50 position-relative\">\n        <!---->\n        <div class=\"h-row justify-content-lg-center justify-content-md-center justify-content-center align-items-lg-stretch align-items-md-stretch align-items-stretch gutters-col-lg-0 gutters-col-md-0 gutters-col-0 gutters-col-v-lg-0 gutters-col-v-md-0 gutters-col-v-0\">\n          <!---->\n          <div class=\"h-column h-column-container d-flex h-col-lg-auto h-col-md-auto h-col-auto style-1394-outer style-local-4558-c51-outer\">\n            <div data-colibri-id=\"4558-c51\" class=\"d-flex h-flex-basis h-column__inner h-px-lg-3 h-px-md-3 h-px-3 v-inner-lg-3 v-inner-md-3 v-inner-3 style-1394 style-local-4558-c51 position-relative\">\n              <!---->\n              <!---->\n              <div class=\"w-100 h-y-container h-column__content h-column__v-align flex-basis-100 align-self-lg-center align-self-md-center align-self-center\">\n                <!---->\n                <div data-colibri-id=\"4558-c52\" class=\"h-global-transition-all h-heading style-1395 style-local-4558-c52 position-relative h-element\">\n                  <!---->\n                  <div class=\"h-heading__outer style-1395 style-local-4558-c52\">\n                    <!---->\n                    <!---->\n                    <h2 class=\"\">Odzia\u0142 Wolsztyn<\/h2>\n                  <\/div>\n                <\/div>\n                <div data-colibri-id=\"4558-c53\" class=\"h-text h-text-component style-1396 style-local-4558-c53 position-relative h-element\">\n                  <!---->\n                  <!---->\n                  <div class=\"\">\n                    <p>ul. Pozna\u0144ska 18\n                      <br>64-200 Wolsztyn<\/p>\n                  <\/div>\n                <\/div>\n                <div data-colibri-id=\"4558-c61\" class=\"h-text h-text-component style-1404 style-local-4558-c61 position-relative h-element\">\n                  <!---->\n                  <!---->\n                  <div class=\"\">\n                    <p>501 107 228<\/p>\n                  <\/div>\n                <\/div>\n              <\/div>\n            <\/div>\n          <\/div>\n          <div class=\"h-column h-column-container d-flex h-col-lg-auto h-col-md-auto h-col-auto style-1399-outer style-local-4558-c56-outer\">\n            <div data-colibri-id=\"4558-c56\" class=\"d-flex h-flex-basis h-column__inner h-px-lg-2 h-px-md-2 h-px-0 v-inner-lg-2 v-inner-md-2 v-inner-0 style-1399 style-local-4558-c56 position-relative\">\n              <!---->\n              <!---->\n              <div class=\"w-100 h-y-container h-column__content h-column__v-align flex-basis-100 align-self-lg-center align-self-md-center align-self-center\">\n                <!---->\n                <div data-colibri-id=\"4558-c60\" class=\"h-map style-1403 style-local-4558-c60 position-relative h-element\" style=\"overflow: hidden;\">\n                  <!---->\n                  <iframe src=\"https:\/\/www.google.com\/maps\/embed\/v1\/place?q=Wolsztyn,%20Pozna%C5%84ska%2018&amp;zoom=15&amp;key=AIzaSyA-dvqTZscsXkl1_BBGKvgfRqxAa2QzY0Q\" class=\"map-iframe\"><\/iframe>\n                <\/div>\n              <\/div>\n            <\/div>\n          <\/div>\n          <div class=\"h-column h-column-container d-flex h-col-lg-auto h-col-md-auto h-col-auto style-1400-outer style-local-4558-c57-outer\">\n            <div data-colibri-id=\"4558-c57\" class=\"d-flex h-flex-basis h-column__inner h-ui-empty-state-container h-px-lg-0 h-px-md-0 h-px-0 v-inner-lg-0 v-inner-md-0 v-inner-0 style-1400 style-local-4558-c57 position-relative\">\n              <!---->\n              <!---->\n              <div class=\"w-100 h-y-container h-column__content h-column__v-align flex-basis-100\">\n                <!---->\n              <\/div>\n            <\/div>\n          <\/div>\n        <\/div>\n      <\/div>\n    <\/div>\n  <\/div>\n<\/div>","protected":false},"excerpt":{"rendered":"<p>Oddzia\u0142 Leszno Plac Metziga 26\/3 64-100 Leszno 601 581 019 Oddzia\u0142 \u015amigiel ul. [&hellip;]<\/p>\n","protected":false},"author":1,"featured_media":0,"parent":0,"menu_order":0,"comment_status":"closed","ping_status":"closed","template":"page-templates\/full-width-page.php","meta":{"_themeisle_gutenberg_block_has_review":false,"footnotes":""},"class_list":["post-4558","page","type-page","status-publish","hentry"],"_links":{"self":[{"href":"https:\/\/partnerzyubezpieczenia.pl\/index.php?rest_route=\/wp\/v2\/pages\/4558","targetHints":{"allow":["GET"]}}],"collection":[{"href":"https:\/\/partnerzyubezpieczenia.pl\/index.php?rest_route=\/wp\/v2\/pages"}],"about":[{"href":"https:\/\/partnerzyubezpieczenia.pl\/index.php?rest_route=\/wp\/v2\/types\/page"}],"author":[{"embeddable":true,"href":"https:\/\/partnerzyubezpieczenia.pl\/index.php?rest_route=\/wp\/v2\/users\/1"}],"replies":[{"embeddable":true,"href":"https:\/\/partnerzyubezpieczenia.pl\/index.php?rest_route=%2Fwp%2Fv2%2Fcomments&post=4558"}],"version-history":[{"count":8,"href":"https:\/\/partnerzyubezpieczenia.pl\/index.php?rest_route=\/wp\/v2\/pages\/4558\/revisions"}],"predecessor-version":[{"id":4781,"href":"https:\/\/partnerzyubezpieczenia.pl\/index.php?rest_route=\/wp\/v2\/pages\/4558\/revisions\/4781"}],"wp:attachment":[{"href":"https:\/\/partnerzyubezpieczenia.pl\/index.php?rest_route=%2Fwp%2Fv2%2Fmedia&parent=4558"}],"curies":[{"name":"wp","href":"https:\/\/api.w.org\/{rel}","templated":true}]}}